{"id":474,"date":"2018-11-14T11:22:26","date_gmt":"2018-11-14T11:22:26","guid":{"rendered":"http:\/\/csakegyszeruen.club\/home\/?page_id=474"},"modified":"2022-02-04T20:00:15","modified_gmt":"2022-02-04T20:00:15","slug":"musortaram","status":"publish","type":"page","link":"https:\/\/csakegyszeruen.club\/home\/?page_id=474","title":{"rendered":"M\u0171sort\u00e1r"},"content":{"rendered":"<p><img srcset=\"https:\/\/csakegyszeruen.club\/home\/wp-content\/uploads\/2020\/09\/women-of-fire-hd-images_2-1024x640-1-100x100.png 100w, https:\/\/csakegyszeruen.club\/home\/wp-content\/uploads\/2020\/09\/women-of-fire-hd-images_2-1024x640-1-150x150.png 150w, https:\/\/csakegyszeruen.club\/home\/wp-content\/uploads\/2020\/09\/women-of-fire-hd-images_2-1024x640-1-300x188.png 300w\" sizes=\"(min-width: 150px) 300px, (min-width: 100px) 150px, 100px\" class=\"aligncenter wp-image-1616 size-medium\" alt=\"\" width=\"300\" height=\"188\"><\/p>\n<p><strong>Itt van egy kis izel\u00edt\u0151 a zen\u00e9imb\u0151l. Ezek a list\u00e1k nem teljesek, mert <a href=\"https:\/\/csakegyszeruen.club\/!MP3_LIST.html\">43,145 darab<\/a> zene van a t\u00e1ramban. <span style=\"color: #808080;\">Viszont ha t\u00e9nyleg v\u00e9gig akarod olvasni, akkor kattints a sz\u00e1mra \u00e9s megkapos a teljes list\u00e1t, de er\u0151sen aj\u00e1nlott egy er\u0151s g\u00e9p, nagyon gyors net, mert ha ADSL neten akarod megn\u00e9zni, akkor kattints a linkre, hagyd ott a g\u00e9pet, menj ki a konyh\u00e1ba \u00e9s f\u0151zz egy k\u00e1v\u00e9t vagy te\u00e1t. Mire az elk\u00e9sz\u00fcl, &#8211; tal\u00e1n &#8211; bet\u00f6lti a list\u00e1t.<\/span><\/strong><\/p>\n<p>&nbsp;<\/p>\n<p><!--more--><\/p>\n<table style=\"border-collapse: collapse; width: 100%;\">\n<tbody>\n<tr>\n<td style=\"width: 25%; text-align: center;\"><a href=\"https:\/\/csakegyszeruen.club\/90s.html\"><img srcset=\"https:\/\/csakegyszeruen.club\/home\/wp-content\/uploads\/2022\/01\/music-logo4-100x100.png 100w, https:\/\/csakegyszeruen.club\/home\/wp-content\/uploads\/2022\/01\/music-logo4.png 128w\" sizes=\"(min-width: 100px) 128px, 100px\" class=\"wp-image-2142 size-full aligncenter\" alt=\"\" width=\"128\" height=\"128\"><\/a><\/p>\n<p>Italo zen\u00e9k<\/td>\n<td style=\"width: 25%; text-align: center;\"><a href=\"https:\/\/csakegyszeruen.club\/all_top.html\"><img srcset=\"https:\/\/csakegyszeruen.club\/home\/wp-content\/uploads\/2022\/01\/music-logo4-1-100x100.png 100w, https:\/\/csakegyszeruen.club\/home\/wp-content\/uploads\/2022\/01\/music-logo4-1.png 128w\" sizes=\"(min-width: 100px) 128px, 100px\" class=\"wp-image-2143 size-full aligncenter\" alt=\"\" width=\"128\" height=\"128\"><\/a><\/p>\n<p>Retro zen\u00e9k<\/td>\n<td style=\"width: 25%; text-align: center;\"><a href=\"https:\/\/csakegyszeruen.club\/funky.html\"><img srcset=\"https:\/\/csakegyszeruen.club\/home\/wp-content\/uploads\/2022\/01\/music-logo4-2-100x100.png 100w, https:\/\/csakegyszeruen.club\/home\/wp-content\/uploads\/2022\/01\/music-logo4-2.png 128w\" sizes=\"(min-width: 100px) 128px, 100px\" class=\"wp-image-2144 size-full aligncenter\" alt=\"\" width=\"128\" height=\"128\"><\/a><\/p>\n<p>Funky zen\u00e9k<\/td>\n<td style=\"width: 25%; text-align: center;\"><a href=\"https:\/\/csakegyszeruen.club\/latin.html\"><img srcset=\"https:\/\/csakegyszeruen.club\/home\/wp-content\/uploads\/2022\/01\/music-logo4-3-100x100.png 100w, https:\/\/csakegyszeruen.club\/home\/wp-content\/uploads\/2022\/01\/music-logo4-3.png 128w\" sizes=\"(min-width: 100px) 128px, 100px\" class=\"wp-image-2145 size-full aligncenter\" alt=\"\" width=\"128\" height=\"128\"><\/a><\/p>\n<p>Latin house zen\u00e9k<\/td>\n<\/tr>\n<\/tbody>\n<\/table>\n<p>&nbsp;<\/p>\n","protected":false},"excerpt":{"rendered":"<p>Itt van egy kis izel\u00edt\u0151 a zen\u00e9imb\u0151l. Ezek a list\u00e1k nem teljesek, mert 43,145 darab zene van a t\u00e1ramban. Viszont&#8230;<\/p>\n","protected":false},"author":1,"featured_media":1749,"parent":0,"menu_order":0,"comment_status":"closed","ping_status":"closed","template":"","meta":{"footnotes":""},"class_list":["post-474","page","type-page","status-publish","has-post-thumbnail","hentry"],"yoast_head":"<!-- This site is optimized with the Yoast SEO plugin v27.2 - https:\/\/yoast.com\/product\/yoast-seo-wordpress\/ -->\n<title>M\u0171sort\u00e1r - Csak egyszer\u0171en<\/title>\n<meta name=\"robots\" content=\"index, follow, max-snippet:-1, max-image-preview:large, max-video-preview:-1\" \/>\n<link rel=\"canonical\" href=\"https:\/\/csakegyszeruen.club\/home\/?page_id=474\" \/>\n<meta property=\"og:locale\" content=\"hu_HU\" \/>\n<meta property=\"og:type\" content=\"article\" \/>\n<meta property=\"og:title\" content=\"M\u0171sort\u00e1r - Csak egyszer\u0171en\" \/>\n<meta property=\"og:description\" content=\"Itt van egy kis izel\u00edt\u0151 a zen\u00e9imb\u0151l. Ezek a list\u00e1k nem teljesek, mert 43,145 darab zene van a t\u00e1ramban. Viszont...\" \/>\n<meta property=\"og:url\" content=\"https:\/\/csakegyszeruen.club\/home\/?page_id=474\" \/>\n<meta property=\"og:site_name\" content=\"Csak egyszer\u0171en\" \/>\n<meta property=\"article:modified_time\" content=\"2022-02-04T20:00:15+00:00\" \/>\n<meta property=\"og:image\" content=\"https:\/\/csakegyszeruen.club\/home\/wp-content\/uploads\/2020\/12\/960x0.jpg\" \/>\n\t<meta property=\"og:image:width\" content=\"960\" \/>\n\t<meta property=\"og:image:height\" content=\"640\" \/>\n\t<meta property=\"og:image:type\" content=\"image\/jpeg\" \/>\n<meta name=\"twitter:card\" content=\"summary_large_image\" \/>\n<meta name=\"twitter:label1\" content=\"Becs\u00fclt olvas\u00e1si id\u0151\" \/>\n\t<meta name=\"twitter:data1\" content=\"1 perc\" \/>\n<script type=\"application\/ld+json\" class=\"yoast-schema-graph\">{\"@context\":\"https:\/\/schema.org\",\"@graph\":[{\"@type\":\"WebPage\",\"@id\":\"https:\/\/csakegyszeruen.club\/home\/?page_id=474\",\"url\":\"https:\/\/csakegyszeruen.club\/home\/?page_id=474\",\"name\":\"M\u0171sort\u00e1r - Csak egyszer\u0171en\",\"isPartOf\":{\"@id\":\"https:\/\/csakegyszeruen.club\/home\/#website\"},\"primaryImageOfPage\":{\"@id\":\"https:\/\/csakegyszeruen.club\/home\/?page_id=474#primaryimage\"},\"image\":{\"@id\":\"https:\/\/csakegyszeruen.club\/home\/?page_id=474#primaryimage\"},\"thumbnailUrl\":\"https:\/\/csakegyszeruen.club\/home\/wp-content\/uploads\/2020\/12\/960x0.jpg\",\"datePublished\":\"2018-11-14T11:22:26+00:00\",\"dateModified\":\"2022-02-04T20:00:15+00:00\",\"breadcrumb\":{\"@id\":\"https:\/\/csakegyszeruen.club\/home\/?page_id=474#breadcrumb\"},\"inLanguage\":\"hu\",\"potentialAction\":[{\"@type\":\"ReadAction\",\"target\":[\"https:\/\/csakegyszeruen.club\/home\/?page_id=474\"]}]},{\"@type\":\"ImageObject\",\"inLanguage\":\"hu\",\"@id\":\"https:\/\/csakegyszeruen.club\/home\/?page_id=474#primaryimage\",\"url\":\"https:\/\/csakegyszeruen.club\/home\/wp-content\/uploads\/2020\/12\/960x0.jpg\",\"contentUrl\":\"https:\/\/csakegyszeruen.club\/home\/wp-content\/uploads\/2020\/12\/960x0.jpg\",\"width\":960,\"height\":640},{\"@type\":\"BreadcrumbList\",\"@id\":\"https:\/\/csakegyszeruen.club\/home\/?page_id=474#breadcrumb\",\"itemListElement\":[{\"@type\":\"ListItem\",\"position\":1,\"name\":\"Kezd\u0151lap\",\"item\":\"https:\/\/csakegyszeruen.club\/home\"},{\"@type\":\"ListItem\",\"position\":2,\"name\":\"M\u0171sort\u00e1r\"}]},{\"@type\":\"WebSite\",\"@id\":\"https:\/\/csakegyszeruen.club\/home\/#website\",\"url\":\"https:\/\/csakegyszeruen.club\/home\/\",\"name\":\"Csak egyszer\u0171en\",\"description\":\"A lemen\u0151 napnak is van ereje\",\"potentialAction\":[{\"@type\":\"SearchAction\",\"target\":{\"@type\":\"EntryPoint\",\"urlTemplate\":\"https:\/\/csakegyszeruen.club\/home\/?s={search_term_string}\"},\"query-input\":{\"@type\":\"PropertyValueSpecification\",\"valueRequired\":true,\"valueName\":\"search_term_string\"}}],\"inLanguage\":\"hu\"}]}<\/script>\n<!-- \/ Yoast SEO plugin. -->","yoast_head_json":{"title":"M\u0171sort\u00e1r - Csak egyszer\u0171en","robots":{"index":"index","follow":"follow","max-snippet":"max-snippet:-1","max-image-preview":"max-image-preview:large","max-video-preview":"max-video-preview:-1"},"canonical":"https:\/\/csakegyszeruen.club\/home\/?page_id=474","og_locale":"hu_HU","og_type":"article","og_title":"M\u0171sort\u00e1r - Csak egyszer\u0171en","og_description":"Itt van egy kis izel\u00edt\u0151 a zen\u00e9imb\u0151l. Ezek a list\u00e1k nem teljesek, mert 43,145 darab zene van a t\u00e1ramban. Viszont...","og_url":"https:\/\/csakegyszeruen.club\/home\/?page_id=474","og_site_name":"Csak egyszer\u0171en","article_modified_time":"2022-02-04T20:00:15+00:00","og_image":[{"width":960,"height":640,"url":"https:\/\/csakegyszeruen.club\/home\/wp-content\/uploads\/2020\/12\/960x0.jpg","type":"image\/jpeg"}],"twitter_card":"summary_large_image","twitter_misc":{"Becs\u00fclt olvas\u00e1si id\u0151":"1 perc"},"schema":{"@context":"https:\/\/schema.org","@graph":[{"@type":"WebPage","@id":"https:\/\/csakegyszeruen.club\/home\/?page_id=474","url":"https:\/\/csakegyszeruen.club\/home\/?page_id=474","name":"M\u0171sort\u00e1r - Csak egyszer\u0171en","isPartOf":{"@id":"https:\/\/csakegyszeruen.club\/home\/#website"},"primaryImageOfPage":{"@id":"https:\/\/csakegyszeruen.club\/home\/?page_id=474#primaryimage"},"image":{"@id":"https:\/\/csakegyszeruen.club\/home\/?page_id=474#primaryimage"},"thumbnailUrl":"https:\/\/csakegyszeruen.club\/home\/wp-content\/uploads\/2020\/12\/960x0.jpg","datePublished":"2018-11-14T11:22:26+00:00","dateModified":"2022-02-04T20:00:15+00:00","breadcrumb":{"@id":"https:\/\/csakegyszeruen.club\/home\/?page_id=474#breadcrumb"},"inLanguage":"hu","potentialAction":[{"@type":"ReadAction","target":["https:\/\/csakegyszeruen.club\/home\/?page_id=474"]}]},{"@type":"ImageObject","inLanguage":"hu","@id":"https:\/\/csakegyszeruen.club\/home\/?page_id=474#primaryimage","url":"https:\/\/csakegyszeruen.club\/home\/wp-content\/uploads\/2020\/12\/960x0.jpg","contentUrl":"https:\/\/csakegyszeruen.club\/home\/wp-content\/uploads\/2020\/12\/960x0.jpg","width":960,"height":640},{"@type":"BreadcrumbList","@id":"https:\/\/csakegyszeruen.club\/home\/?page_id=474#breadcrumb","itemListElement":[{"@type":"ListItem","position":1,"name":"Kezd\u0151lap","item":"https:\/\/csakegyszeruen.club\/home"},{"@type":"ListItem","position":2,"name":"M\u0171sort\u00e1r"}]},{"@type":"WebSite","@id":"https:\/\/csakegyszeruen.club\/home\/#website","url":"https:\/\/csakegyszeruen.club\/home\/","name":"Csak egyszer\u0171en","description":"A lemen\u0151 napnak is van ereje","potentialAction":[{"@type":"SearchAction","target":{"@type":"EntryPoint","urlTemplate":"https:\/\/csakegyszeruen.club\/home\/?s={search_term_string}"},"query-input":{"@type":"PropertyValueSpecification","valueRequired":true,"valueName":"search_term_string"}}],"inLanguage":"hu"}]}},"_links":{"self":[{"href":"https:\/\/csakegyszeruen.club\/home\/index.php?rest_route=\/wp\/v2\/pages\/474","targetHints":{"allow":["GET"]}}],"collection":[{"href":"https:\/\/csakegyszeruen.club\/home\/index.php?rest_route=\/wp\/v2\/pages"}],"about":[{"href":"https:\/\/csakegyszeruen.club\/home\/index.php?rest_route=\/wp\/v2\/types\/page"}],"author":[{"embeddable":true,"href":"https:\/\/csakegyszeruen.club\/home\/index.php?rest_route=\/wp\/v2\/users\/1"}],"replies":[{"embeddable":true,"href":"https:\/\/csakegyszeruen.club\/home\/index.php?rest_route=%2Fwp%2Fv2%2Fcomments&post=474"}],"version-history":[{"count":25,"href":"https:\/\/csakegyszeruen.club\/home\/index.php?rest_route=\/wp\/v2\/pages\/474\/revisions"}],"predecessor-version":[{"id":2159,"href":"https:\/\/csakegyszeruen.club\/home\/index.php?rest_route=\/wp\/v2\/pages\/474\/revisions\/2159"}],"wp:featuredmedia":[{"embeddable":true,"href":"https:\/\/csakegyszeruen.club\/home\/index.php?rest_route=\/wp\/v2\/media\/1749"}],"wp:attachment":[{"href":"https:\/\/csakegyszeruen.club\/home\/index.php?rest_route=%2Fwp%2Fv2%2Fmedia&parent=474"}],"curies":[{"name":"wp","href":"https:\/\/api.w.org\/{rel}","templated":true}]}}