{"id":253,"date":"2018-01-23T18:30:30","date_gmt":"2018-01-23T18:30:30","guid":{"rendered":"http:\/\/csakegyszeruen.club\/home\/?page_id=253"},"modified":"2019-01-21T10:55:24","modified_gmt":"2019-01-21T10:55:24","slug":"253-2","status":"publish","type":"page","link":"https:\/\/csakegyszeruen.club\/home\/?page_id=253","title":{"rendered":"Kapcsolat"},"content":{"rendered":"\n<div class=\"wpcf7 no-js\" id=\"wpcf7-f249-o1\" lang=\"hu-HU\" dir=\"ltr\" data-wpcf7-id=\"249\">\n<div class=\"screen-reader-response\"><p role=\"status\" aria-live=\"polite\" aria-atomic=\"true\"><\/p> <ul><\/ul><\/div>\n<form action=\"\/home\/index.php?rest_route=%2Fwp%2Fv2%2Fpages%2F253#wpcf7-f249-o1\" method=\"post\" class=\"wpcf7-form init\" aria-label=\"Kapcsolatfelv\u00e9teli \u0171rlap\" novalidate=\"novalidate\" data-status=\"init\">\n<fieldset class=\"hidden-fields-container\"><input type=\"hidden\" name=\"_wpcf7\" value=\"249\" \/><input type=\"hidden\" name=\"_wpcf7_version\" value=\"6.1.5\" \/><input type=\"hidden\" name=\"_wpcf7_locale\" value=\"hu_HU\" \/><input type=\"hidden\" name=\"_wpcf7_unit_tag\" value=\"wpcf7-f249-o1\" \/><input type=\"hidden\" name=\"_wpcf7_container_post\" value=\"0\" \/><input type=\"hidden\" name=\"_wpcf7_posted_data_hash\" value=\"\" \/>\n<\/fieldset>\n<body bgcolor=\"#f1ad03\">\n\t<center>\n\t\t<font color=\"brown\">\n\t\t\t<table width=\"95%\">\n\t\t\t\t<tr>\n\t\t\t\t\t<td>\n\t\t\t\t\t\t<p>Vezet\u00e9k \u00e9s Keresztn\u00e9v:\n\t\t\t\t\t\t<\/p>\n\t\t\t\t\t<\/td>\n\t\t\t\t\t<td>\n\t\t\t\t\t\t<p><span class=\"wpcf7-form-control-wrap\" data-name=\"your-name\"><input size=\"40\" maxlength=\"400\" class=\"wpcf7-form-control wpcf7-text wpcf7-validates-as-required\" aria-required=\"true\" aria-invalid=\"false\" value=\"\" type=\"text\" name=\"your-name\" \/><\/span>\n\t\t\t\t\t\t<\/p>\n\t\t\t\t\t<\/td>\n\t\t\t\t<\/tr>\n\t\t\t\t<tr>\n\t\t\t\t\t<td>\n\t\t\t\t\t\t<p>E-mail c\u00edm:\n\t\t\t\t\t\t\t<font color=\"red\">*\n\t\t\t\t\t\t\t<\/font>\n\t\t\t\t\t\t<\/p>\n\t\t\t\t\t<\/td>\n\t\t\t\t\t<td>\n\t\t\t\t\t\t<p><span class=\"wpcf7-form-control-wrap\" data-name=\"your-email\"><input size=\"40\" maxlength=\"400\" class=\"wpcf7-form-control wpcf7-email wpcf7-validates-as-required wpcf7-text wpcf7-validates-as-email\" aria-required=\"true\" aria-invalid=\"false\" value=\"\" type=\"email\" name=\"your-email\" \/><\/span>\n\t\t\t\t\t\t<\/p>\n\t\t\t\t\t<\/td>\n\t\t\t\t<\/tr>\n\t\t\t\t<tr>\n\t\t\t\t\t<td>\n\t\t\t\t\t\t<p>T\u00e1rgy:\n\t\t\t\t\t\t\t<font color=\"red\">*\n\t\t\t\t\t\t\t<\/font>\n\t\t\t\t\t\t<\/p>\n\t\t\t\t\t<\/td>\n\t\t\t\t\t<td>\n\t\t\t\t\t\t<p><span class=\"wpcf7-form-control-wrap\" data-name=\"your-subject\"><input size=\"40\" maxlength=\"400\" class=\"wpcf7-form-control wpcf7-text\" aria-invalid=\"false\" value=\"\" type=\"text\" name=\"your-subject\" \/><\/span>\n\t\t\t\t\t\t<\/p>\n\t\t\t\t\t<\/td>\n\t\t\t\t<\/tr>\n\t\t\t\t<tr>\n\t\t\t\t\t<td>\n\t\t\t\t\t\t<p>Telefonsz\u00e1m:\n\t\t\t\t\t\t<\/p>\n\t\t\t\t\t<\/td>\n\t\t\t\t\t<td>\n\t\t\t\t\t\t<p><span class=\"wpcf7-form-control-wrap\" data-name=\"telefon\"><input size=\"40\" maxlength=\"20\" class=\"wpcf7-form-control wpcf7-text wpcf7-validates-as-required\" aria-required=\"true\" aria-invalid=\"false\" value=\"\" type=\"text\" name=\"telefon\" \/><\/span>\n\t\t\t\t\t\t<\/p>\n\t\t\t\t\t<\/td>\n\t\t\t\t<\/tr>\n\t\t\t\t<tr>\n\t\t\t\t\t<td>\n\t\t\t\t\t\t<p>\u00dczenet:\n\t\t\t\t\t\t\t<font color=\"red\">*\n\t\t\t\t\t\t\t<\/font>\n\t\t\t\t\t\t<\/p>\n\t\t\t\t\t<\/td>\n\t\t\t\t\t<td>\n\t\t\t\t\t\t<p><span class=\"wpcf7-form-control-wrap\" data-name=\"uzenet\"><textarea cols=\"80\" rows=\"5\" maxlength=\"2000\" class=\"wpcf7-form-control wpcf7-textarea wpcf7-validates-as-required\" aria-required=\"true\" aria-invalid=\"false\" name=\"uzenet\"><\/textarea><\/span>\n\t\t\t\t\t\t<\/p>\n\t\t\t\t\t<\/td>\n\t\t\t\t<\/tr>\n\t\t\t\t<tr>\n\t\t\t\t\t<td>\n\t\t\t\t\t\t<p><strong>Warning:<\/strong> The <a href=\"https:\/\/wordpress.org\/plugins\/really-simple-captcha\/\">Really Simple CAPTCHA<\/a> plugin is not active.\n\t\t\t\t\t\t\t<font color=\"red\">*\n\t\t\t\t\t\t\t<\/font>\n\t\t\t\t\t\t<\/p>\n\t\t\t\t\t<\/td>\n\t\t\t\t\t<td>\n\t\t\t\t\t\t<p><span class=\"wpcf7-form-control-wrap\" data-name=\"captcha-831\"><input size=\"40\" class=\"wpcf7-form-control wpcf7-captchar\" autocomplete=\"off\" aria-invalid=\"false\" value=\"\" type=\"text\" name=\"captcha-831\" \/><\/span>\n\t\t\t\t\t\t<\/p>\n\t\t\t\t\t<\/td>\n\t\t\t\t<\/tr>\n\t\t\t\t<tr>\n\t\t\t\t\t<td colspan=\"2\">\n\t\t\t\t\t\t<p>Biztons\u00e1gi ellen\u0151rz\u00e9s, k\u00e9rem m\u00e1solja \u00e1t a fenti karaktereket!\n\t\t\t\t\t\t<\/p>\n\t\t\t\t\t<\/td>\n\t\t\t\t<\/tr>\n\t\t\t\t<tr>\n\t\t\t\t<\/tr>\n\t\t\t\t<tr>\n\t\t\t\t\t<td colspan=\"2\"style=\"background-image:url(); nowrap>\n\t\t\t\t\t\t<p><span class=\"wpcf7-form-control-wrap\" data-name=\"acceptance-277\"><span class=\"wpcf7-form-control wpcf7-acceptance\"><span class=\"wpcf7-list-item\"><input type=\"checkbox\" name=\"acceptance-277\" value=\"1\" aria-invalid=\"false\" \/><\/span><\/span><\/span>\n\t\t\t\t\t\t\t<font color=\"red\">*\n\t\t\t\t\t\t\t<\/font> Hozz\u00e1j\u00e1rulok, hogy az adataimat a w3sys honlap rendszer bizalmasan kezelje. Az oldal adatokat <u>nem t\u00e1rol.<\/u>\n\t\t\t\t\t\t<\/p>\n\t\t\t\t\t\t<font color=\"blue\">A rendszer k\u00fcls\u0151 SMTP szervert haszn\u00e1l, ez\u00e9rt a k\u00fcld\u00e9s gomb lenyom\u00e1sa ut\u00e1n, nincs visszajelz\u00e9s, ez\u00e9rt a gomb mellett csak \"teker\". az elk\u00fcld\u00e9s ut\u00e1n nyugodtan elnavig\u00e1lhatsz.\n\t\t\t\t\t\t<\/font>\n\t\t\t\t\t<\/td>\n\t\t\t\t<\/tr>\n\t\t\t\t<tr>\n\t\t\t\t<\/tr>\n\t\t\t\t<tr>\n\t\t\t\t\t<td colspan=\"2\">\n\t\t\t\t\t\t<p><input class=\"wpcf7-form-control wpcf7-submit has-spinner\" type=\"submit\" value=\"K\u00fcld\u00e9s\" \/><br \/>\n\t\t\t\t\t\t\t<font color=\"red\">*\n\t\t\t\t\t\t\t<\/font> Kit\u00f6lt\u00e9s, jel\u00f6l\u00e9s k\u00f6telez\u0151.\n\t\t\t\t\t\t<\/p>\n\t\t\t\t\t<\/td>\n\t\t\t\t<\/tr>\n\t\t\t\t<tr>\n\t\t\t\t<\/tr>\n\t\t\t<\/table>\n\t\t<\/font>\n\t<\/center>\n<\/body><div class=\"wpcf7-response-output\" aria-hidden=\"true\"><\/div>\n<\/form>\n<\/div>\n\n","protected":false},"excerpt":{"rendered":"","protected":false},"author":1,"featured_media":313,"parent":0,"menu_order":0,"comment_status":"closed","ping_status":"closed","template":"","meta":{"footnotes":""},"class_list":["post-253","page","type-page","status-publish","has-post-thumbnail","hentry"],"yoast_head":"<!-- This site is optimized with the Yoast SEO plugin v27.2 - https:\/\/yoast.com\/product\/yoast-seo-wordpress\/ -->\n<title>Kapcsolat - Csak egyszer\u0171en<\/title>\n<meta name=\"robots\" content=\"index, follow, max-snippet:-1, max-image-preview:large, max-video-preview:-1\" \/>\n<link rel=\"canonical\" href=\"https:\/\/csakegyszeruen.club\/home\/?page_id=253\" \/>\n<meta property=\"og:locale\" content=\"hu_HU\" \/>\n<meta property=\"og:type\" content=\"article\" \/>\n<meta property=\"og:title\" content=\"Kapcsolat - Csak egyszer\u0171en\" \/>\n<meta property=\"og:url\" content=\"https:\/\/csakegyszeruen.club\/home\/?page_id=253\" \/>\n<meta property=\"og:site_name\" content=\"Csak egyszer\u0171en\" \/>\n<meta property=\"article:modified_time\" content=\"2019-01-21T10:55:24+00:00\" \/>\n<meta property=\"og:image\" content=\"https:\/\/csakegyszeruen.club\/home\/wp-content\/uploads\/2018\/02\/irj-1.jpg\" \/>\n\t<meta property=\"og:image:width\" content=\"1200\" \/>\n\t<meta property=\"og:image:height\" content=\"1200\" \/>\n\t<meta property=\"og:image:type\" content=\"image\/jpeg\" \/>\n<meta name=\"twitter:card\" content=\"summary_large_image\" \/>\n<script type=\"application\/ld+json\" class=\"yoast-schema-graph\">{\"@context\":\"https:\/\/schema.org\",\"@graph\":[{\"@type\":\"WebPage\",\"@id\":\"https:\/\/csakegyszeruen.club\/home\/?page_id=253\",\"url\":\"https:\/\/csakegyszeruen.club\/home\/?page_id=253\",\"name\":\"Kapcsolat - Csak egyszer\u0171en\",\"isPartOf\":{\"@id\":\"https:\/\/csakegyszeruen.club\/home\/#website\"},\"primaryImageOfPage\":{\"@id\":\"https:\/\/csakegyszeruen.club\/home\/?page_id=253#primaryimage\"},\"image\":{\"@id\":\"https:\/\/csakegyszeruen.club\/home\/?page_id=253#primaryimage\"},\"thumbnailUrl\":\"https:\/\/csakegyszeruen.club\/home\/wp-content\/uploads\/2018\/02\/irj-1.jpg\",\"datePublished\":\"2018-01-23T18:30:30+00:00\",\"dateModified\":\"2019-01-21T10:55:24+00:00\",\"breadcrumb\":{\"@id\":\"https:\/\/csakegyszeruen.club\/home\/?page_id=253#breadcrumb\"},\"inLanguage\":\"hu\",\"potentialAction\":[{\"@type\":\"ReadAction\",\"target\":[\"https:\/\/csakegyszeruen.club\/home\/?page_id=253\"]}]},{\"@type\":\"ImageObject\",\"inLanguage\":\"hu\",\"@id\":\"https:\/\/csakegyszeruen.club\/home\/?page_id=253#primaryimage\",\"url\":\"https:\/\/csakegyszeruen.club\/home\/wp-content\/uploads\/2018\/02\/irj-1.jpg\",\"contentUrl\":\"https:\/\/csakegyszeruen.club\/home\/wp-content\/uploads\/2018\/02\/irj-1.jpg\",\"width\":1200,\"height\":1200},{\"@type\":\"BreadcrumbList\",\"@id\":\"https:\/\/csakegyszeruen.club\/home\/?page_id=253#breadcrumb\",\"itemListElement\":[{\"@type\":\"ListItem\",\"position\":1,\"name\":\"Kezd\u0151lap\",\"item\":\"https:\/\/csakegyszeruen.club\/home\"},{\"@type\":\"ListItem\",\"position\":2,\"name\":\"Kapcsolat\"}]},{\"@type\":\"WebSite\",\"@id\":\"https:\/\/csakegyszeruen.club\/home\/#website\",\"url\":\"https:\/\/csakegyszeruen.club\/home\/\",\"name\":\"Csak egyszer\u0171en\",\"description\":\"A lemen\u0151 napnak is van ereje\",\"potentialAction\":[{\"@type\":\"SearchAction\",\"target\":{\"@type\":\"EntryPoint\",\"urlTemplate\":\"https:\/\/csakegyszeruen.club\/home\/?s={search_term_string}\"},\"query-input\":{\"@type\":\"PropertyValueSpecification\",\"valueRequired\":true,\"valueName\":\"search_term_string\"}}],\"inLanguage\":\"hu\"}]}<\/script>\n<!-- \/ Yoast SEO plugin. -->","yoast_head_json":{"title":"Kapcsolat - Csak egyszer\u0171en","robots":{"index":"index","follow":"follow","max-snippet":"max-snippet:-1","max-image-preview":"max-image-preview:large","max-video-preview":"max-video-preview:-1"},"canonical":"https:\/\/csakegyszeruen.club\/home\/?page_id=253","og_locale":"hu_HU","og_type":"article","og_title":"Kapcsolat - Csak egyszer\u0171en","og_url":"https:\/\/csakegyszeruen.club\/home\/?page_id=253","og_site_name":"Csak egyszer\u0171en","article_modified_time":"2019-01-21T10:55:24+00:00","og_image":[{"width":1200,"height":1200,"url":"https:\/\/csakegyszeruen.club\/home\/wp-content\/uploads\/2018\/02\/irj-1.jpg","type":"image\/jpeg"}],"twitter_card":"summary_large_image","schema":{"@context":"https:\/\/schema.org","@graph":[{"@type":"WebPage","@id":"https:\/\/csakegyszeruen.club\/home\/?page_id=253","url":"https:\/\/csakegyszeruen.club\/home\/?page_id=253","name":"Kapcsolat - Csak egyszer\u0171en","isPartOf":{"@id":"https:\/\/csakegyszeruen.club\/home\/#website"},"primaryImageOfPage":{"@id":"https:\/\/csakegyszeruen.club\/home\/?page_id=253#primaryimage"},"image":{"@id":"https:\/\/csakegyszeruen.club\/home\/?page_id=253#primaryimage"},"thumbnailUrl":"https:\/\/csakegyszeruen.club\/home\/wp-content\/uploads\/2018\/02\/irj-1.jpg","datePublished":"2018-01-23T18:30:30+00:00","dateModified":"2019-01-21T10:55:24+00:00","breadcrumb":{"@id":"https:\/\/csakegyszeruen.club\/home\/?page_id=253#breadcrumb"},"inLanguage":"hu","potentialAction":[{"@type":"ReadAction","target":["https:\/\/csakegyszeruen.club\/home\/?page_id=253"]}]},{"@type":"ImageObject","inLanguage":"hu","@id":"https:\/\/csakegyszeruen.club\/home\/?page_id=253#primaryimage","url":"https:\/\/csakegyszeruen.club\/home\/wp-content\/uploads\/2018\/02\/irj-1.jpg","contentUrl":"https:\/\/csakegyszeruen.club\/home\/wp-content\/uploads\/2018\/02\/irj-1.jpg","width":1200,"height":1200},{"@type":"BreadcrumbList","@id":"https:\/\/csakegyszeruen.club\/home\/?page_id=253#breadcrumb","itemListElement":[{"@type":"ListItem","position":1,"name":"Kezd\u0151lap","item":"https:\/\/csakegyszeruen.club\/home"},{"@type":"ListItem","position":2,"name":"Kapcsolat"}]},{"@type":"WebSite","@id":"https:\/\/csakegyszeruen.club\/home\/#website","url":"https:\/\/csakegyszeruen.club\/home\/","name":"Csak egyszer\u0171en","description":"A lemen\u0151 napnak is van ereje","potentialAction":[{"@type":"SearchAction","target":{"@type":"EntryPoint","urlTemplate":"https:\/\/csakegyszeruen.club\/home\/?s={search_term_string}"},"query-input":{"@type":"PropertyValueSpecification","valueRequired":true,"valueName":"search_term_string"}}],"inLanguage":"hu"}]}},"_links":{"self":[{"href":"https:\/\/csakegyszeruen.club\/home\/index.php?rest_route=\/wp\/v2\/pages\/253","targetHints":{"allow":["GET"]}}],"collection":[{"href":"https:\/\/csakegyszeruen.club\/home\/index.php?rest_route=\/wp\/v2\/pages"}],"about":[{"href":"https:\/\/csakegyszeruen.club\/home\/index.php?rest_route=\/wp\/v2\/types\/page"}],"author":[{"embeddable":true,"href":"https:\/\/csakegyszeruen.club\/home\/index.php?rest_route=\/wp\/v2\/users\/1"}],"replies":[{"embeddable":true,"href":"https:\/\/csakegyszeruen.club\/home\/index.php?rest_route=%2Fwp%2Fv2%2Fcomments&post=253"}],"version-history":[{"count":4,"href":"https:\/\/csakegyszeruen.club\/home\/index.php?rest_route=\/wp\/v2\/pages\/253\/revisions"}],"predecessor-version":[{"id":401,"href":"https:\/\/csakegyszeruen.club\/home\/index.php?rest_route=\/wp\/v2\/pages\/253\/revisions\/401"}],"wp:featuredmedia":[{"embeddable":true,"href":"https:\/\/csakegyszeruen.club\/home\/index.php?rest_route=\/wp\/v2\/media\/313"}],"wp:attachment":[{"href":"https:\/\/csakegyszeruen.club\/home\/index.php?rest_route=%2Fwp%2Fv2%2Fmedia&parent=253"}],"curies":[{"name":"wp","href":"https:\/\/api.w.org\/{rel}","templated":true}]}}