{"id":1228,"date":"2020-04-20T09:07:17","date_gmt":"2020-04-20T09:07:17","guid":{"rendered":"https:\/\/csakegyszeruen.club\/home\/?page_id=1228"},"modified":"2025-02-08T07:56:29","modified_gmt":"2025-02-08T07:56:29","slug":"adatvedelmi-iranyelvek","status":"publish","type":"page","link":"https:\/\/csakegyszeruen.club\/home\/?page_id=1228","title":{"rendered":"Adatv\u00e9delmi ir\u00e1nyelvek"},"content":{"rendered":"<p><span style=\"color: #993300;\"><\/span><\/p>\r\n<h2 class=\"wp-block-heading\"><span style=\"text-decoration: underline;\"><span style=\"color: #800000; text-decoration: underline;\">Ki vagyok<\/span><\/span><\/h2>\r\n<p><span style=\"color: #800000;\">\r\n\r\n<\/span><\/p>\r\n<p><span style=\"color: #800000;\">Nevem: <strong>L\u00e9gr\u00e1di L\u00e1szl\u00f3 ( Woodoo )<br \/><\/strong><\/span><span style=\"color: #800000;\">A weboldalam c\u00edme: <strong>https:\/\/csakegyszeruen.club , https:\/\/woodooline.co.uk<\/strong><\/span><\/p>\r\n<h2><span style=\"text-decoration: underline;\"><span style=\"color: #800000; text-decoration: underline;\">M\u0171sorok hanganyaga<\/span><\/span><\/h2>\r\n<p><span style=\"color: #800000;\">A t\u00e1rolt m\u0171sorok hanganyaga <em>csak \u00e9s kiz\u00e1r\u00f3lag<\/em> a honlapon kereszt\u00fcli meghallgat\u00e1s c\u00e9lj\u00e1b\u00f3l ker\u00fclt felt\u00f6lt\u00e9sre. Ezeknek m\u00e1sol\u00e1sa, m\u00e1s honlapokra val\u00f3 \u00e1tlinkel\u00e9se, felt\u00f6lt\u00e9se csak az oldal tulajdonosa enged\u00e9ly\u00e9vel t\u00f6rt\u00e9nhet, ellenkez\u0151 esetben jogi k\u00f6vetkezm\u00e9nyeket vonhat maga ut\u00e1n. Ez al\u00f3l csak az adott r\u00e1di\u00f3 mentes, ahol a m\u0171sor elhangzott. A r\u00e1di\u00f3 rendelkezhet tov\u00e1bb\u00e1 arr\u00f3l is, hogy a m\u0171sor leker\u00fclj\u00f6n err\u0151l az oldalr\u00f3l is.<\/span><\/p>\r\n<h3><span style=\"text-decoration: underline;\"><strong><span style=\"color: #800000; text-decoration: underline;\">Az oldalr\u00f3l:<br \/><br \/>Hozz\u00e1sz\u00f3l\u00e1sok<\/span><\/strong><\/span><\/h3>\r\n<p><span style=\"color: #800000;\">\r\n\r\n\r\n\r\n<\/span><\/p>\r\n<p><span style=\"color: #800000;\">\r\n\r\n<\/span><\/p>\r\n<p><span style=\"color: #800000;\">Hozz\u00e1sz\u00f3l\u00e1s bek\u00fcld\u00e9sekor a hozz\u00e1sz\u00f3l\u00e1si \u0171rlapban megadottakon k\u00edv\u00fcl begy\u0171jt\u00e9sre ker\u00fcl a hozz\u00e1sz\u00f3l\u00f3 IP c\u00edme \u00e9s a b\u00f6ng\u00e9sz\u0151azonos\u00edt\u00f3 karakterl\u00e1nc a k\u00e9retlen tartalmak kisz\u0171r\u00e9se c\u00e9lj\u00e1b\u00f3l.<\/span><\/p>\r\n<p><span style=\"color: #800000;\">\r\n\r\n<\/span><\/p>\r\n<p><span style=\"color: #800000;\">Egy szem\u00e9lytelen\u00edtett, az e-mail c\u00edmb\u0151l el\u0151\u00e1ll\u00edtott karakterl\u00e1nc (hashnek szok\u00e1s nevezni) ker\u00fcl tov\u00e1bb\u00edt\u00e1sra a Gravatar szolg\u00e1ltat\u00e1s fel\u00e9, ha ez az oldalon haszn\u00e1latban van. A Gravatar szolg\u00e1ltat\u00e1s felt\u00e9telei az al\u00e1bbi c\u00edmen tekinthet\u0151ek meg: https:\/\/automattic.com\/privacy\/. A hozz\u00e1sz\u00f3l\u00e1s elfogad\u00e1sa ut\u00e1n, a hozz\u00e1sz\u00f3l\u00e1sunk tartalma \u00e9s a profil k\u00e9p\u00fcnk is megjelenik nyilv\u00e1nosan.<\/span><\/p>\r\n<p><span style=\"color: #800000;\">\r\n\r\n<\/span><\/p>\r\n<h3 class=\"wp-block-heading\"><span style=\"text-decoration: underline;\"><span style=\"color: #800000; text-decoration: underline;\">M\u00e9dia<\/span><\/span><\/h3>\r\n<p><span style=\"color: #800000;\">\r\n\r\n<\/span><\/p>\r\n<p><span style=\"color: #800000;\">Amennyiben regisztr\u00e1lt felhaszn\u00e1l\u00f3 \u00e1ltal ker\u00fcl k\u00e9p felt\u00f6lt\u00e9sre a honlapra, ker\u00fclni kell az az olyan EXIF-eket, amelyekben GPS poz\u00edci\u00f3 adatok is szerepelnek. A honlap l\u00e1togat\u00f3i ezeket let\u00f6lthetik \u00e9s kinyerhetik a helyadatokat a honlapon tal\u00e1lhat\u00f3 k\u00e9pekb\u0151l.<\/span><\/p>\r\n<p><span style=\"color: #800000;\">\r\n\r\n\r\n\r\n<\/span><\/p>\r\n<h3 class=\"wp-block-heading\"><span style=\"text-decoration: underline;\"><span style=\"color: #800000; text-decoration: underline;\">S\u00fctik<\/span><\/span><\/h3>\r\n<p><span style=\"color: #800000;\">\r\n\r\n<\/span><\/p>\r\n<p><strong><span style=\"color: #993300;\"><em>L\u00e9v\u00e9n Angila kil\u00e9pett az EU-b\u00f3l, nem vagyok k\u00f6teles figyelmeztetni a s\u00fctik haszn\u00e1lat\u00e1r\u00f3l, viszont ezek tov\u00e1bbra is \u00fczemelnek, ez\u00e9rt \u00e9rdemes elolvasni ezt a fejezetet.<\/em><\/span><\/strong><\/p>\r\n<p><br \/><span style=\"color: #993300;\">Ha hozz\u00e1sz\u00f3l\u00e1st adsz a honlapomon, bejelentkezve maradhatsz a megadott neved, e-mail-ed \u00e9s webc\u00edmed elt\u00e1rol\u00e1s\u00e1val egy s\u00fctiben. A t\u00e1rol\u00e1s a te k\u00e9nyelmi c\u00e9lodat szolg\u00e1lja az\u00e9rt, hogy a k\u00f6vetkez\u0151 hozz\u00e1sz\u00f3l\u00e1skor ezeket az adatmez\u0151ket ne kelljen kit\u00f6ltened. Ezeknek a s\u00fctiknek a lej\u00e1rati ideje 1 \u00e9v.<\/span><\/p>\r\n<p>&nbsp;<\/p>\r\n<p><span style=\"color: #993300;\">Ha ell\u00e1togatsz a bejelentkez\u00e9si oldalra, akkor \u00e1tmeneti s\u00fctiket \u00e1ll\u00edtunk be annak \u00e9rdek\u00e9ben, hogy meg\u00e1llap\u00edtsuk, hogy a b\u00f6ng\u00e9sz\u0151 elfogadja-e a s\u00fctiket. Ezek a s\u00fctik nem tartalmaznak szem\u00e9lyes inform\u00e1ci\u00f3t, \u00e9s t\u00f6rl\u0151dnek, ahogy bez\u00e1rod a b\u00f6ng\u00e9sz\u0151t.<\/span><\/p>\r\n<p>&nbsp;<\/p>\r\n<p><span style=\"color: #993300;\">A honlapra t\u00f6rt\u00e9n\u0151 bejelentkez\u00e9skor t\u00f6bb s\u00fctit hozunk l\u00e9tre, amely elmenti a bejelentkez\u00e9si inform\u00e1ci\u00f3t \u00e9s a szerkeszt\u0151fel\u00fclet megjelen\u00edt\u00e9si opci\u00f3it. A bejelentkez\u00e9si s\u00fctik k\u00e9t napig \u00e9rv\u00e9nyesek, a szerkeszt\u0151fel\u00fclet megjelen\u00edt\u00e9si opci\u00f3it t\u00e1rol\u00f3 s\u00fcti egy \u00e9vig. Amennyiben az \u201cEml\u00e9kezz r\u00e1m\u201d opci\u00f3t bejel\u00f6l\u00f6d, a bejelentkez\u00e9s k\u00e9t h\u00e9tig folytat\u00f3dik. Kijelentkez\u00e9skor a bejelentkez\u00e9si s\u00fctik elt\u00e1vol\u00edt\u00e1sra ker\u00fclnek.<\/span><\/p>\r\n<p>&nbsp;<\/p>\r\n<p><span style=\"color: #993300;\">Amennyiben bejegyz\u00e9st vagy oldalt szerkesztel, egy \u00fajabb s\u00fctit t\u00e1rol el a b\u00f6ng\u00e9sz\u0151d. Ez a s\u00fcti nem tartalmaz szem\u00e9lyes adatot, egyszer\u0171en csak a bejegyz\u00e9s azonos\u00edt\u00f3 sz\u00e1m\u00e1t t\u00e1rolja, amelyet szerkesztel. Egy nap m\u00falva j\u00e1r le az \u00e9rv\u00e9nyess\u00e9ge.<\/span><\/p>\r\n<p><span style=\"color: #800000;\">\u00a0<\/span><\/p>\r\n<p><span style=\"color: #800000;\">\r\n\r\n<\/span><\/p>\r\n<h3 class=\"wp-block-heading\"><span style=\"text-decoration: underline;\"><span style=\"color: #800000; text-decoration: underline;\">M\u00e1s honlapokr\u00f3l sz\u00e1rmaz\u00f3 be\u00e1gyazott tartalmak<\/span><\/span><\/h3>\r\n<p><span style=\"color: #800000;\">\r\n\r\n<\/span><\/p>\r\n<p><span style=\"color: #800000;\">A honlapon el\u00e9rhet\u0151 bejegyz\u00e9sek k\u00fcls\u0151 forr\u00e1sb\u00f3l sz\u00e1rmaz\u00f3 be\u00e1gyazott tartalmakat (pl. vide\u00f3k, k\u00e9pek, cikkek stb.) is haszn\u00e1lhatnak. A k\u00fcls\u0151 forr\u00e1sb\u00f3l sz\u00e1rmaz\u00f3 be\u00e1gyazott tartalmak pontosan \u00fagy viselkednek, mintha megl\u00e1togattunk volna egy m\u00e1sik honlapot.<\/span><\/p>\r\n<p><span style=\"color: #800000;\">\r\n\r\n<\/span><\/p>\r\n<p><span style=\"color: #800000;\">Ezek a webhelyek lehets\u00e9ges, hogy adatot gy\u0171jtenek a l\u00e1togat\u00f3kr\u00f3l, s\u00fctiket vagy harmadik f\u00e9lt\u0151l sz\u00e1rmaz\u00f3 k\u00f6vet\u0151k\u00f3dot haszn\u00e1lnak, figyelik a be\u00e1gyazott tartalommal kapcsolatos felhaszn\u00e1l\u00f3i viselked\u00e9st, ha rendelkez\u00fcnk felhaszn\u00e1l\u00f3i fi\u00f3kkal \u00e9s be vagyunk jelentkezve az oldalra.<\/span><\/p>\r\n<p><span style=\"color: #800000;\">\r\n\r\n\r\n\r\n\r\n\r\n<\/span><\/p>\r\n<h3 class=\"wp-block-heading\"><span style=\"text-decoration: underline;\"><span style=\"color: #800000; text-decoration: underline;\">Mennyi ideig \u0151rizz\u00fck a szem\u00e9lyes adatot<\/span><\/span><\/h3>\r\n<p><span style=\"color: #800000;\">\r\n\r\n<\/span><\/p>\r\n<p><span style=\"color: #800000;\">Ha hozz\u00e1sz\u00f3lunk, a hozz\u00e1sz\u00f3l\u00e1s \u00e9s annak metaadatai nem meghat\u00e1rozhat\u00f3 ideig a rendszerben maradnak. Ennek c\u00e9lja, hogy az \u00f6sszes ezt k\u00f6vet\u0151 b\u00e1rmely hozz\u00e1sz\u00f3l\u00e1s \u00e1ltalunk megismertt\u00e9 \u00e9s j\u00f3v\u00e1hagyott\u00e1 v\u00e1ljon, azaz ne ker\u00fclj\u00f6n fel a moder\u00e1land\u00f3 hozz\u00e1sz\u00f3l\u00e1sok list\u00e1j\u00e1ra.<\/span><\/p>\r\n<p><span style=\"color: #800000;\">\r\n\r\n<\/span><\/p>\r\n<p><span style=\"color: #800000;\">A honlapon regisztr\u00e1lt felhaszn\u00e1l\u00f3k (ha vannak ilyenek) szem\u00e9lyes adatai a saj\u00e1t felhaszn\u00e1l\u00f3i profiljukban is t\u00e1rol\u00e1sra ker\u00fclnek. Minden felhaszn\u00e1l\u00f3 megtekintheti, szerkesztheti vagy t\u00f6r\u00f6lheti a szem\u00e9lyes adatait b\u00e1rmikor (kiv\u00e9ve, hogy nem v\u00e1ltoztathatja meg a saj\u00e1t felhaszn\u00e1l\u00f3i nev\u00e9t). A honlap rendszergazd\u00e1i ezen inform\u00e1ci\u00f3kat szint\u00e9n megtekinthetik \u00e9s szerkeszthetik. A t\u00e1rol\u00e1si id\u0151tartam a hozz\u00e1sz\u00f3l\u00e1s megtart\u00e1s ideje alatt ker\u00fcl t\u00e1rol\u00e1sra. A hozz\u00e1sz\u00f3l\u00e1s , illetve annak az oldalnak, bejegyz\u00e9snek t\u00f6rl\u00e9s\u00e9nek, illetve el\u00e9v\u00fcl\u00e9s\u00e9nek id\u0151pontj\u00e1ban a felhaszn\u00e1l\u00f3i adatok is t\u00f6rl\u0151dnek.<\/span><\/p>\r\n<p><span style=\"color: #800000;\">\r\n\r\n<\/span><\/p>\r\n<h3 class=\"wp-block-heading\"><span style=\"text-decoration: underline;\"><span style=\"color: #800000; text-decoration: underline;\">Milyen jogokkal rendelkezik a felhaszn\u00e1l\u00f3 a saj\u00e1t adatai kapcs\u00e1n<\/span><\/span><\/h3>\r\n<p><span style=\"color: #800000;\">\r\n\r\n<\/span><\/p>\r\n<p><span style=\"color: #800000;\">A weboldalon regisztr\u00e1lt fi\u00f3k vagy hozz\u00e1sz\u00f3l\u00e1s \u00edr\u00e1sa eset\u00e9n k\u00e9rhet\u0151 a szem\u00e9lyes adatok export f\u00e1jlban t\u00f6rt\u00e9n\u0151 megk\u00fcld\u00e9se, amely b\u00e1rmilyen adatot tartalmaz, amit kor\u00e1bban a felhaszn\u00e1l\u00f3 rendelkez\u00e9s\u00fcnkre bocs\u00e1tott. K\u00e9rhet\u0151 tov\u00e1bb\u00e1, hogy b\u00e1rmilyen kor\u00e1bban megadott szem\u00e9lyes adatot t\u00f6r\u00f6lj\u00fck. Ez nem vonatkozik azokra az adatokra, amelyeket adminisztr\u00e1ci\u00f3s, jogi vagy biztons\u00e1gi okokb\u00f3l k\u00f6telez\u0151 meg\u0151rizn\u00fcnk.<\/span><\/p>\r\n<p><span style=\"color: #800000;\">\r\n\r\n<\/span><\/p>\r\n<h3 class=\"wp-block-heading\"><span style=\"text-decoration: underline;\"><span style=\"color: #800000; text-decoration: underline;\">Hov\u00e1 tov\u00e1bb\u00edtok az adatokat<\/span><\/span><\/h3>\r\n<p><span style=\"color: #800000;\">\r\n\r\n<\/span><\/p>\r\n<p><span style=\"color: #800000;\">A l\u00e1togat\u00f3k \u00e1ltal bek\u00fcld\u00f6tt hozz\u00e1sz\u00f3l\u00e1sokat automatikus spamsz\u0171r\u0151 szolg\u00e1ltat\u00e1s ellen\u0151rizheti, egy\u00e9bk\u00e9nt harmadik felek fel\u00e9 nem ker\u00fclnek tov\u00e1bb\u00edt\u00e1sra.<\/span><\/p>\r\n<h1 class=\"art-postheader entry-title\"><span style=\"text-decoration: underline;\"><strong>Terms and Conditions<\/strong><\/span><\/h1>\r\n<p><span style=\"text-decoration: underline;\"><strong>Who am I<\/strong><\/span><\/p>\r\n<p>My name is Laszlo Legradi ( Woodoo )<br \/>My website is called https:\/\/csakegyszeruen.club , https:\/\/woodooline.co.uk<\/p>\r\n<p><span style=\"text-decoration: underline;\"><strong>Audio of programmes<\/strong><\/span><\/p>\r\n<p><br \/>The audio of the stored programmes has been uploaded only and exclusively for the purpose of listening via the website. Copying, transferring and uploading them to other websites can only be done with the permission of the site owner, otherwise it may result in legal consequences. Only the radio where the programme was broadcast is exempt from this. The radio may also provide for the programme to be removed from this site.<\/p>\r\n<p><span style=\"text-decoration: underline;\"><strong>From the side:<\/strong><\/span><\/p>\r\n<p><span style=\"text-decoration: underline;\"><strong>Comments<\/strong><\/span><\/p>\r\n<p><br \/>When submitting a comment, in addition to what is specified in the comment form, the contributor&#8217;s IP address and browser ID string are collected to filter out unsolicited content.<\/p>\r\n<p><br \/>An impersonated string generated from the e-mail address (commonly referred to as hash) is forwarded to gravatar if it is in use on this page. The terms and conditions of the Gravatar service can be viewed at: https:\/\/automattic.com\/privacy\/. After accepting this post, the content of our post and our profile picture will also be publicly displayed.<\/p>\r\n<p><br \/><span style=\"text-decoration: underline;\"><strong>Media<\/strong><\/span><\/p>\r\n<p>If a picture is uploaded to the website by a registered user, exifs with GPS position data should be avoided. Visitors to the website can download and extract the location data from the images on the website.<\/p>\r\n<p><br \/><span style=\"text-decoration: underline;\"><strong>Cookies<\/strong><\/span><\/p>\r\n<p><em>An important change in cookies. Since Angila has left the EU, I am not obliged to warn you about the use of cookies. However, they are still in operation, so it&#8217;s a good idea to read this chapter.<\/em><br \/>If you post a comment on your website, you can remain logged in by storing your name, email and web address in a cookie. Storage is for your convenience so that you don&#8217;t have to fill in these data fields the next time you post. These cookies have an expiry date of 1 year.<\/p>\r\n<p><br \/>If you visit the login page, we will set temporary cookies to determine if your browser accepts cookies. These cookies do not contain any personal information and will be deleted as soon as we close your browser.<\/p>\r\n<p><br \/>When you log in to the website, we create several cookies that save login information and display options for the editing interface. Login cookies are valid for two days, the cookie that stores the display options of the editing interface for one year. If the &#8222;Remember me&#8221; option is selected, check-in will continue for two weeks. When you log out, the login cookies will be removed.<\/p>\r\n<p><br \/>If you edit a post or page, another cookie will be stored in your browser. This cookie does not contain any personal data, it simply stores the identification number of the entry that we have edited. It expires in a day.<\/p>\r\n<p><br \/><span style=\"text-decoration: underline;\"><strong>Embedded content from other websites<\/strong><\/span><\/p>\r\n<p>Entries on the website may also use embedded content from external sources (e.g. videos, images, articles, etc.). Embedded content from external sources behaves exactly as if you had visited another website.<\/p>\r\n<p><br \/>These sites may collect information about visitors, use cookies or third-party tracking codes, monitor user behavior related to embedded content if we have a user account and are logged in to the site.<\/p>\r\n<p><br \/><span style=\"text-decoration: underline;\"><strong>How long we keep your personal data<\/strong><\/span><\/p>\r\n<p>If you comment, the post and its metadata will remain in the system for an indefinite period of time. The purpose of this is to make all subsequent posts known and approved by us, i.e. not to be included in the list of posts to be moderated.<\/p>\r\n<p><br \/>The personal data of users registered on the website (if any) are also stored in their own user profiles. All users can view, edit, or delete their personal information at any time (except that they cannot change their own user name). Website administrators can also view and edit this information. The storage period is stored during the retention period of the post. User data will also be deleted at the time of deletion or expiration of the post or of that page or post.<\/p>\r\n<p><br \/><span style=\"text-decoration: underline;\"><strong>What rights does the user have in relation to his or her own data<\/strong><\/span><\/p>\r\n<p>In case of writing an account or comment registered on the website, it is necessary to send the personal data in an export file containing any data previously provided to us by the user. You may also be asked to delete any previously provided personal data. This does not apply to data that we are required to retain for administrative, legal or security reasons.<\/p>\r\n<p><br \/><span style=\"text-decoration: underline;\"><strong>Where I transfer the data<\/strong><\/span><\/p>\r\n<p>Comments submitted by visitors can be checked by an automatic spam filtering service, otherwise they will not be forwarded to third parties<\/p>\r\n<p><span style=\"color: #993300;\">\r\n\r\n<\/span><\/p>","protected":false},"excerpt":{"rendered":"<p>Ki vagyok Nevem: L\u00e9gr\u00e1di L\u00e1szl\u00f3 ( Woodoo )A weboldalam c\u00edme: https:\/\/csakegyszeruen.club , https:\/\/woodooline.co.uk M\u0171sorok hanganyaga A t\u00e1rolt m\u0171sorok hanganyaga csak&#8230;<\/p>\n","protected":false},"author":1,"featured_media":0,"parent":0,"menu_order":0,"comment_status":"closed","ping_status":"closed","template":"","meta":{"footnotes":""},"class_list":["post-1228","page","type-page","status-publish","hentry"],"yoast_head":"<!-- This site is optimized with the Yoast SEO plugin v27.2 - https:\/\/yoast.com\/product\/yoast-seo-wordpress\/ -->\n<title>Adatv\u00e9delmi ir\u00e1nyelvek - Csak egyszer\u0171en<\/title>\n<meta name=\"robots\" content=\"index, follow, max-snippet:-1, max-image-preview:large, max-video-preview:-1\" \/>\n<link rel=\"canonical\" href=\"https:\/\/csakegyszeruen.club\/home\/?page_id=1228\" \/>\n<meta property=\"og:locale\" content=\"hu_HU\" \/>\n<meta property=\"og:type\" content=\"article\" \/>\n<meta property=\"og:title\" content=\"Adatv\u00e9delmi ir\u00e1nyelvek - Csak egyszer\u0171en\" \/>\n<meta property=\"og:description\" content=\"Ki vagyok Nevem: L\u00e9gr\u00e1di L\u00e1szl\u00f3 ( Woodoo )A weboldalam c\u00edme: https:\/\/csakegyszeruen.club , https:\/\/woodooline.co.uk M\u0171sorok hanganyaga A t\u00e1rolt m\u0171sorok hanganyaga csak...\" \/>\n<meta property=\"og:url\" content=\"https:\/\/csakegyszeruen.club\/home\/?page_id=1228\" \/>\n<meta property=\"og:site_name\" content=\"Csak egyszer\u0171en\" \/>\n<meta property=\"article:modified_time\" content=\"2025-02-08T07:56:29+00:00\" \/>\n<meta name=\"twitter:card\" content=\"summary_large_image\" \/>\n<meta name=\"twitter:label1\" content=\"Becs\u00fclt olvas\u00e1si id\u0151\" \/>\n\t<meta name=\"twitter:data1\" content=\"9 perc\" \/>\n<script type=\"application\/ld+json\" class=\"yoast-schema-graph\">{\"@context\":\"https:\/\/schema.org\",\"@graph\":[{\"@type\":\"WebPage\",\"@id\":\"https:\/\/csakegyszeruen.club\/home\/?page_id=1228\",\"url\":\"https:\/\/csakegyszeruen.club\/home\/?page_id=1228\",\"name\":\"Adatv\u00e9delmi ir\u00e1nyelvek - Csak egyszer\u0171en\",\"isPartOf\":{\"@id\":\"https:\/\/csakegyszeruen.club\/home\/#website\"},\"datePublished\":\"2020-04-20T09:07:17+00:00\",\"dateModified\":\"2025-02-08T07:56:29+00:00\",\"breadcrumb\":{\"@id\":\"https:\/\/csakegyszeruen.club\/home\/?page_id=1228#breadcrumb\"},\"inLanguage\":\"hu\",\"potentialAction\":[{\"@type\":\"ReadAction\",\"target\":[\"https:\/\/csakegyszeruen.club\/home\/?page_id=1228\"]}]},{\"@type\":\"BreadcrumbList\",\"@id\":\"https:\/\/csakegyszeruen.club\/home\/?page_id=1228#breadcrumb\",\"itemListElement\":[{\"@type\":\"ListItem\",\"position\":1,\"name\":\"Kezd\u0151lap\",\"item\":\"https:\/\/csakegyszeruen.club\/home\"},{\"@type\":\"ListItem\",\"position\":2,\"name\":\"Adatv\u00e9delmi ir\u00e1nyelvek\"}]},{\"@type\":\"WebSite\",\"@id\":\"https:\/\/csakegyszeruen.club\/home\/#website\",\"url\":\"https:\/\/csakegyszeruen.club\/home\/\",\"name\":\"Csak egyszer\u0171en\",\"description\":\"A lemen\u0151 napnak is van ereje\",\"potentialAction\":[{\"@type\":\"SearchAction\",\"target\":{\"@type\":\"EntryPoint\",\"urlTemplate\":\"https:\/\/csakegyszeruen.club\/home\/?s={search_term_string}\"},\"query-input\":{\"@type\":\"PropertyValueSpecification\",\"valueRequired\":true,\"valueName\":\"search_term_string\"}}],\"inLanguage\":\"hu\"}]}<\/script>\n<!-- \/ Yoast SEO plugin. -->","yoast_head_json":{"title":"Adatv\u00e9delmi ir\u00e1nyelvek - Csak egyszer\u0171en","robots":{"index":"index","follow":"follow","max-snippet":"max-snippet:-1","max-image-preview":"max-image-preview:large","max-video-preview":"max-video-preview:-1"},"canonical":"https:\/\/csakegyszeruen.club\/home\/?page_id=1228","og_locale":"hu_HU","og_type":"article","og_title":"Adatv\u00e9delmi ir\u00e1nyelvek - Csak egyszer\u0171en","og_description":"Ki vagyok Nevem: L\u00e9gr\u00e1di L\u00e1szl\u00f3 ( Woodoo )A weboldalam c\u00edme: https:\/\/csakegyszeruen.club , https:\/\/woodooline.co.uk M\u0171sorok hanganyaga A t\u00e1rolt m\u0171sorok hanganyaga csak...","og_url":"https:\/\/csakegyszeruen.club\/home\/?page_id=1228","og_site_name":"Csak egyszer\u0171en","article_modified_time":"2025-02-08T07:56:29+00:00","twitter_card":"summary_large_image","twitter_misc":{"Becs\u00fclt olvas\u00e1si id\u0151":"9 perc"},"schema":{"@context":"https:\/\/schema.org","@graph":[{"@type":"WebPage","@id":"https:\/\/csakegyszeruen.club\/home\/?page_id=1228","url":"https:\/\/csakegyszeruen.club\/home\/?page_id=1228","name":"Adatv\u00e9delmi ir\u00e1nyelvek - Csak egyszer\u0171en","isPartOf":{"@id":"https:\/\/csakegyszeruen.club\/home\/#website"},"datePublished":"2020-04-20T09:07:17+00:00","dateModified":"2025-02-08T07:56:29+00:00","breadcrumb":{"@id":"https:\/\/csakegyszeruen.club\/home\/?page_id=1228#breadcrumb"},"inLanguage":"hu","potentialAction":[{"@type":"ReadAction","target":["https:\/\/csakegyszeruen.club\/home\/?page_id=1228"]}]},{"@type":"BreadcrumbList","@id":"https:\/\/csakegyszeruen.club\/home\/?page_id=1228#breadcrumb","itemListElement":[{"@type":"ListItem","position":1,"name":"Kezd\u0151lap","item":"https:\/\/csakegyszeruen.club\/home"},{"@type":"ListItem","position":2,"name":"Adatv\u00e9delmi ir\u00e1nyelvek"}]},{"@type":"WebSite","@id":"https:\/\/csakegyszeruen.club\/home\/#website","url":"https:\/\/csakegyszeruen.club\/home\/","name":"Csak egyszer\u0171en","description":"A lemen\u0151 napnak is van ereje","potentialAction":[{"@type":"SearchAction","target":{"@type":"EntryPoint","urlTemplate":"https:\/\/csakegyszeruen.club\/home\/?s={search_term_string}"},"query-input":{"@type":"PropertyValueSpecification","valueRequired":true,"valueName":"search_term_string"}}],"inLanguage":"hu"}]}},"_links":{"self":[{"href":"https:\/\/csakegyszeruen.club\/home\/index.php?rest_route=\/wp\/v2\/pages\/1228","targetHints":{"allow":["GET"]}}],"collection":[{"href":"https:\/\/csakegyszeruen.club\/home\/index.php?rest_route=\/wp\/v2\/pages"}],"about":[{"href":"https:\/\/csakegyszeruen.club\/home\/index.php?rest_route=\/wp\/v2\/types\/page"}],"author":[{"embeddable":true,"href":"https:\/\/csakegyszeruen.club\/home\/index.php?rest_route=\/wp\/v2\/users\/1"}],"replies":[{"embeddable":true,"href":"https:\/\/csakegyszeruen.club\/home\/index.php?rest_route=%2Fwp%2Fv2%2Fcomments&post=1228"}],"version-history":[{"count":16,"href":"https:\/\/csakegyszeruen.club\/home\/index.php?rest_route=\/wp\/v2\/pages\/1228\/revisions"}],"predecessor-version":[{"id":3061,"href":"https:\/\/csakegyszeruen.club\/home\/index.php?rest_route=\/wp\/v2\/pages\/1228\/revisions\/3061"}],"wp:attachment":[{"href":"https:\/\/csakegyszeruen.club\/home\/index.php?rest_route=%2Fwp%2Fv2%2Fmedia&parent=1228"}],"curies":[{"name":"wp","href":"https:\/\/api.w.org\/{rel}","templated":true}]}}